{"id":3899,"date":"2024-02-06T07:54:17","date_gmt":"2024-02-06T12:54:17","guid":{"rendered":"https:\/\/humani.ca\/blogue\/"},"modified":"2025-10-16T17:37:26","modified_gmt":"2025-10-16T21:37:26","slug":"blogue","status":"publish","type":"page","link":"https:\/\/humani.ca\/en\/blogue\/","title":{"rendered":"Blog"},"content":{"rendered":"<div class=\"vce-row-container\" data-vce-boxed-width=\"true\"><div class=\"vce-row vce-row--col-gap-30 padding150t padding100b vce-row-equal-height vce-row-content--top\" id=\"el-0c3fc716\" data-vce-do-apply=\"all el-0c3fc716\"><div class=\"vce-content-background-container\"><div class=\"vce-asset-color-gradient-container vce-visible-all-only\" data-vce-do-apply=\"gradient el-0c3fc716\"><\/div><\/div><div class=\"vce-row-content\" data-vce-element-content=\"true\"><div class=\"vce-col vce-col--md-auto vce-col--xs-1 vce-col--xs-last vce-col--xs-first vce-col--sm-last vce-col--sm-first vce-col--md-last vce-col--lg-last vce-col--xl-last vce-col--md-first vce-col--lg-first vce-col--xl-first\" id=\"el-ed9538c9\"><div class=\"vce-col-inner\" data-vce-do-apply=\"border margin background  el-ed9538c9\"><div class=\"vce-col-content\" data-vce-element-content=\"true\" data-vce-do-apply=\"padding el-ed9538c9\"><div class=\"vce-row-container\" data-vce-boxed-width=\"true\"><div class=\"vce-row vce-row--col-gap-30 padding416x vce-row-equal-height vce-row-content--top\" id=\"el-7e3e69a6\" data-vce-do-apply=\"all el-7e3e69a6\"><div class=\"vce-row-content\" data-vce-element-content=\"true\"><div class=\"vce-col vce-col--md-auto vce-col--xs-1 vce-col--xs-last vce-col--xs-first vce-col--sm-last vce-col--sm-first vce-col--md-last vce-col--lg-last vce-col--xl-last vce-col--md-first vce-col--lg-first vce-col--xl-first\" id=\"el-f569972e\"><div class=\"vce-col-inner\" data-vce-do-apply=\"border margin background  el-f569972e\"><div class=\"vce-col-content\" data-vce-element-content=\"true\" data-vce-do-apply=\"padding el-f569972e\"><div class=\"vce-shortcode filedariane font23  white center\"><div class=\"vce-shortcode-wrapper vce\" id=\"el-178a27c4\" data-vce-do-apply=\"all el-178a27c4\"><span><span><a href=\"https:\/\/humani.ca\/en\/\">Humani<\/a><\/span><\/span><\/div><\/div><div class=\"vce-text-block center white dmdisplay font55\"><div class=\"vce-text-block-wrapper vce\" id=\"el-3f6105ff\" data-vce-do-apply=\"all el-3f6105ff\"><h1>Blog<\/h1><\/div><\/div><div class=\"vce-row-container\" data-vce-boxed-width=\"true\"><div class=\"vce-row vce-row--col-gap-20 paddmobile  vce-row-equal-height vce-row-content--top\" id=\"el-5cd93379\" data-vce-do-apply=\"all el-5cd93379\"><div class=\"vce-row-content\" data-vce-element-content=\"true\"><div class=\"vce-col vce-col--md-35p vce-col--xs-1 vce-col--xs-last vce-col--xs-first vce-col--sm-last vce-col--sm-first vce-col--md-first vce-col--lg-first vce-col--xl-first\" id=\"el-fb24fb9b\"><div class=\"vce-col-inner\" data-vce-do-apply=\"border margin background  el-fb24fb9b\"><div class=\"vce-col-content\" data-vce-element-content=\"true\" data-vce-do-apply=\"padding el-fb24fb9b\"><div class=\"vcv-row-control-wrapper\"><\/div><\/div><\/div><\/div><div class=\"vce-col vce-col--md-30p vce-col--xs-1 vce-col--xs-last vce-col--xs-first vce-col--sm-last vce-col--sm-first\" id=\"el-dd0a2601\"><div class=\"vce-col-inner\" data-vce-do-apply=\"border margin background  el-dd0a2601\"><div class=\"vce-col-content\" data-vce-element-content=\"true\" data-vce-do-apply=\"padding el-dd0a2601\"><div class=\"vce-text-block btnblack uppercase block \"><div class=\"vce-text-block-wrapper vce\" id=\"el-d9827fbe\" data-vce-do-apply=\"all el-d9827fbe\"><p><a href=\"https:\/\/humani.ca\/en\/contact\/#contact\">book an appointment<\/a><\/p><\/div><\/div><\/div><\/div><\/div><div class=\"vce-col vce-col--md-35p vce-col--xs-1 vce-col--xs-last vce-col--xs-first vce-col--sm-last vce-col--sm-first vce-col--md-last vce-col--lg-last vce-col--xl-last\" id=\"el-fdd35806\"><div class=\"vce-col-inner\" data-vce-do-apply=\"border margin background  el-fdd35806\"><div class=\"vce-col-content\" data-vce-element-content=\"true\" data-vce-do-apply=\"padding el-fdd35806\"><div class=\"vcv-row-control-wrapper\"><\/div><\/div><\/div><\/div><\/div><\/div><\/div><\/div><\/div><\/div><\/div><\/div><\/div><\/div><\/div><\/div><\/div><\/div><\/div><div class=\"vce-row-container\" data-vce-boxed-width=\"true\"><div class=\"vce-row vce-row--col-gap-30 padding278x padding100t padding100b vce-row-equal-height vce-row-content--top\" id=\"el-124b3500\" data-vce-do-apply=\"all el-124b3500\"><div class=\"vce-row-content\" data-vce-element-content=\"true\"><div class=\"vce-col vce-col--md-auto vce-col--xs-1 vce-col--xs-last vce-col--xs-first vce-col--sm-last vce-col--sm-first vce-col--md-first vce-col--lg-first vce-col--xl-first\" id=\"el-decd5dfe\"><div class=\"vce-col-inner\" data-vce-do-apply=\"border margin background  el-decd5dfe\"><div class=\"vce-col-content\" data-vce-element-content=\"true\" data-vce-do-apply=\"padding el-decd5dfe\"><div class=\"vce-shortcode\"><div class=\"vce-shortcode-wrapper vce\" id=\"el-c2b7daf2\" data-vce-do-apply=\"all el-c2b7daf2\"><div class=\" blog vsc-recent-posts\">\n     <div class=\"blogPage\">\n            <div class=\"list\"><div class=\"grid-element\" >\n<div class=\"grid-content\">\n<div class=\"thumblist\"><img width=\"1440\" height=\"960\" src=\"https:\/\/humani.ca\/wp-content\/uploads\/2025\/08\/Hormontherapy.webp\" class=\"attachment-full size-full wp-post-image\" alt=\"\" srcset=\"https:\/\/humani.ca\/wp-content\/uploads\/2025\/08\/Hormontherapy.webp 1440w, https:\/\/humani.ca\/wp-content\/uploads\/2025\/08\/Hormontherapy-300x200.webp 300w, https:\/\/humani.ca\/wp-content\/uploads\/2025\/08\/Hormontherapy-1024x683.webp 1024w, https:\/\/humani.ca\/wp-content\/uploads\/2025\/08\/Hormontherapy-768x512.webp 768w, https:\/\/humani.ca\/wp-content\/uploads\/2025\/08\/Hormontherapy-320x213.webp 320w, https:\/\/humani.ca\/wp-content\/uploads\/2025\/08\/Hormontherapy-480x320.webp 480w, https:\/\/humani.ca\/wp-content\/uploads\/2025\/08\/Hormontherapy-800x533.webp 800w\" sizes=\"(max-width: 1440px) 100vw, 1440px\" \/><\/div>\n<div>\n<div class=\"blocinfo\"><div class=\"info bold font14 uppercase\"><a href=\"https:\/\/humani.ca\/en\/category\/non-categorise\/\">Non cat\u00e9goris\u00e9<\/a> | 28 August 2025<\/div><\/div>\n<div class=\"gridtitle \"><a href=\"https:\/\/humani.ca\/en\/hormonotherapie-retrouver-equilibre-et-bien-etre\/\" class=\"nounderline\"><h2 class=\"grid-title font30 dmdisplay\">Hormonoth\u00e9rapie \u2013 Retrouver \u00e9quilibre et bien-\u00eatre<\/h2><\/a><\/div>\n<div class=\"grid-excerpt padding35b\">Pourquoi les hormones sont essentielles? - Les hormones r\u00e9gulent des fonctions vitales : [&hellip;] <br \/><br \/><a href=\"https:\/\/humani.ca\/en\/hormonotherapie-retrouver-equilibre-et-bien-etre\/\" class=\"underline\">Lire plus<\/a><\/div>\n<\/div>\n\n<\/div>\n<\/div><\/div><\/div>\n <div class=\"paginationBlog bold  uppercase\"><div class=\"post-nav\"><\/div><\/div><\/div><\/div><\/div><div class=\"vce-shortcode\"><div class=\"vce-shortcode-wrapper vce\" id=\"el-31d615ad\" data-vce-do-apply=\"all el-31d615ad\"><div class=\" blog vsc-recent-posts\">\n     <div class=\"blogPage\">\n            <div class=\"list\"><div class=\"grid-element\" >\n<div class=\"grid-content\">\n<div class=\"thumblist\"><img width=\"1440\" height=\"960\" src=\"https:\/\/humani.ca\/wp-content\/uploads\/2025\/08\/Hormontherapy.webp\" class=\"attachment-full size-full wp-post-image\" alt=\"\" srcset=\"https:\/\/humani.ca\/wp-content\/uploads\/2025\/08\/Hormontherapy.webp 1440w, https:\/\/humani.ca\/wp-content\/uploads\/2025\/08\/Hormontherapy-300x200.webp 300w, https:\/\/humani.ca\/wp-content\/uploads\/2025\/08\/Hormontherapy-1024x683.webp 1024w, https:\/\/humani.ca\/wp-content\/uploads\/2025\/08\/Hormontherapy-768x512.webp 768w, https:\/\/humani.ca\/wp-content\/uploads\/2025\/08\/Hormontherapy-320x213.webp 320w, https:\/\/humani.ca\/wp-content\/uploads\/2025\/08\/Hormontherapy-480x320.webp 480w, https:\/\/humani.ca\/wp-content\/uploads\/2025\/08\/Hormontherapy-800x533.webp 800w\" sizes=\"(max-width: 1440px) 100vw, 1440px\" \/><\/div>\n<div>\n<div class=\"blocinfo\"><div class=\"info bold font14 uppercase\"><a href=\"https:\/\/humani.ca\/en\/category\/non-categorise\/\">Non cat\u00e9goris\u00e9<\/a> | 28 August 2025<\/div><\/div>\n<div class=\"gridtitle \"><a href=\"https:\/\/humani.ca\/en\/hormonotherapie-retrouver-equilibre-et-bien-etre\/\" class=\"nounderline\"><h2 class=\"grid-title font30 dmdisplay\">Hormonoth\u00e9rapie \u2013 Retrouver \u00e9quilibre et bien-\u00eatre<\/h2><\/a><\/div>\n<div class=\"grid-excerpt padding35b\">Pourquoi les hormones sont essentielles? - Les hormones r\u00e9gulent des fonctions vitales : [&hellip;] <br \/><br \/><a href=\"https:\/\/humani.ca\/en\/hormonotherapie-retrouver-equilibre-et-bien-etre\/\" class=\"underline\">Lire plus<\/a><\/div>\n<\/div>\n\n<\/div>\n<\/div><\/div><\/div>\n <div class=\"paginationBlog bold  uppercase\"><div class=\"post-nav\"><\/div><\/div><\/div><\/div><\/div><div class=\"vce-shortcode\"><div class=\"vce-shortcode-wrapper vce\" id=\"el-a7e41633\" data-vce-do-apply=\"all el-a7e41633\"><div class=\" blog vsc-recent-posts\">\n     <div class=\"blogPage\">\n            <div class=\"list\"><div class=\"grid-element\" >\n<div class=\"grid-content\">\n<div class=\"thumblist\"><img width=\"1440\" height=\"960\" src=\"https:\/\/humani.ca\/wp-content\/uploads\/2025\/08\/Hormontherapy.webp\" class=\"attachment-full size-full wp-post-image\" alt=\"\" srcset=\"https:\/\/humani.ca\/wp-content\/uploads\/2025\/08\/Hormontherapy.webp 1440w, https:\/\/humani.ca\/wp-content\/uploads\/2025\/08\/Hormontherapy-300x200.webp 300w, https:\/\/humani.ca\/wp-content\/uploads\/2025\/08\/Hormontherapy-1024x683.webp 1024w, https:\/\/humani.ca\/wp-content\/uploads\/2025\/08\/Hormontherapy-768x512.webp 768w, https:\/\/humani.ca\/wp-content\/uploads\/2025\/08\/Hormontherapy-320x213.webp 320w, https:\/\/humani.ca\/wp-content\/uploads\/2025\/08\/Hormontherapy-480x320.webp 480w, https:\/\/humani.ca\/wp-content\/uploads\/2025\/08\/Hormontherapy-800x533.webp 800w\" sizes=\"(max-width: 1440px) 100vw, 1440px\" \/><\/div>\n<div>\n<div class=\"blocinfo\"><div class=\"info bold font14 uppercase\"><a href=\"https:\/\/humani.ca\/en\/category\/non-categorise\/\">Non cat\u00e9goris\u00e9<\/a> | 28 August 2025<\/div><\/div>\n<div class=\"gridtitle \"><a href=\"https:\/\/humani.ca\/en\/hormonotherapie-retrouver-equilibre-et-bien-etre\/\" class=\"nounderline\"><h2 class=\"grid-title font30 dmdisplay\">Hormonoth\u00e9rapie \u2013 Retrouver \u00e9quilibre et bien-\u00eatre<\/h2><\/a><\/div>\n<div class=\"grid-excerpt padding35b\">Pourquoi les hormones sont essentielles? - Les hormones r\u00e9gulent des fonctions vitales : [&hellip;] <br \/><br \/><a href=\"https:\/\/humani.ca\/en\/hormonotherapie-retrouver-equilibre-et-bien-etre\/\" class=\"underline\">Lire plus<\/a><\/div>\n<\/div>\n\n<\/div>\n<\/div><\/div><\/div>\n <div class=\"paginationBlog bold  uppercase\"><div class=\"post-nav\"><\/div><\/div><\/div><\/div><\/div><\/div><\/div><\/div><div class=\"vce-col vce-col--md-auto vce-col--xs-1 vce-col--xs-last vce-col--xs-first vce-col--sm-last vce-col--sm-first vce-col--md-last vce-col--lg-last vce-col--xl-last\" id=\"el-9ff3e751\"><div class=\"vce-col-inner\" data-vce-do-apply=\"border margin background  el-9ff3e751\"><div class=\"vce-col-content\" data-vce-element-content=\"true\" data-vce-do-apply=\"padding el-9ff3e751\"><div class=\"vcv-row-control-wrapper\"><\/div><\/div><\/div><\/div><\/div><\/div><\/div><div class=\"vce-row-container\" data-vce-boxed-width=\"true\"><div class=\"vce-row vce-element--has-background vce-row--col-gap-50 padding278x  padding100t padding100b vce-row-equal-height vce-row-content--middle\" id=\"el-c37f5405\" data-vce-do-apply=\"all el-c37f5405\"><div class=\"vce-content-background-container\"><\/div><div class=\"vce-row-content\" data-vce-element-content=\"true\"><div class=\"vce-col vce-col--md-35p vce-col--xs-1 vce-col--xs-last vce-col--xs-first vce-col--sm-last vce-col--sm-first vce-col--md-first vce-col--lg-first vce-col--xl-first\" id=\"el-8221b44e\"><div class=\"vce-col-inner\" data-vce-do-apply=\"border margin background  el-8221b44e\"><div class=\"vce-col-content\" data-vce-element-content=\"true\" data-vce-do-apply=\"padding el-8221b44e\"><div class=\"vce-single-image-container paddmobile margin50tmobile fullwidthimg vce-single-image--align-left\"><div class=\"vce vce-single-image-wrapper\" id=\"el-46569c01\" data-vce-do-apply=\"all el-46569c01\"><figure><div class=\"vce-single-image-figure-inner\" style=\"width: 448px;\"><div class=\"vce-single-image-inner vce-single-image--absolute\" style=\"width: 100%; padding-bottom: 100%;\"><img decoding=\"async\" class=\"vce-single-image\" src=\"https:\/\/humani.ca\/wp-content\/uploads\/2025\/07\/Vous-avez-des-questions-pour-nous.png\" data-img-src=\"https:\/\/humani.ca\/wp-content\/uploads\/2025\/07\/Vous-avez-des-questions-pour-nous.png\" data-attachment-id=\"1798\" alt=\"Vous avez des questions pour nous ?\" title=\"Do You Have any Questions for Us?\"><\/div><\/div><figcaption hidden=\"\"><\/figcaption><\/figure><\/div><\/div><\/div><\/div><\/div><div class=\"vce-col vce-col--md-65p vce-col--xs-1 vce-col--xs-last vce-col--xs-first vce-col--sm-last vce-col--sm-first vce-col--md-last vce-col--lg-last vce-col--xl-last\" id=\"el-a0476ad8\"><div class=\"vce-col-inner\" data-vce-do-apply=\"border margin background  el-a0476ad8\"><div class=\"vce-col-content\" data-vce-element-content=\"true\" data-vce-do-apply=\"padding el-a0476ad8\"><div class=\"vce-shortcode margin30tmobile\"><div class=\"vce-shortcode-wrapper vce\" id=\"el-0c946ed8\" data-vce-do-apply=\"all el-0c946ed8\">\n<div class=\"wpcf7 no-js\" id=\"wpcf7-f2957-o1\" lang=\"en-CA\" dir=\"ltr\" data-wpcf7-id=\"2957\">\n<div class=\"screen-reader-response\"><p role=\"status\" aria-live=\"polite\" aria-atomic=\"true\"><\/p> <ul><\/ul><\/div>\n<form action=\"\/en\/wp-json\/wp\/v2\/pages\/3899#wpcf7-f2957-o1\" method=\"post\" class=\"wpcf7-form init\" aria-label=\"Contact form\" novalidate=\"novalidate\" data-status=\"init\">\n<fieldset class=\"hidden-fields-container\"><input type=\"hidden\" name=\"_wpcf7\" value=\"2957\" \/><input type=\"hidden\" name=\"_wpcf7_version\" value=\"6.1.5\" \/><input type=\"hidden\" name=\"_wpcf7_locale\" value=\"en_CA\" \/><input type=\"hidden\" name=\"_wpcf7_unit_tag\" value=\"wpcf7-f2957-o1\" \/><input type=\"hidden\" name=\"_wpcf7_container_post\" value=\"0\" \/><input type=\"hidden\" name=\"_wpcf7_posted_data_hash\" value=\"\" \/>\n<\/fieldset>\n<div class=\"consultation-gratuite\">\n\t<div>\n\t\t<p class=\"dmdisplay font45 mobilecenter\">Do you have any questions for us?\n\t\t<\/p>\n\t<\/div>\n\t<div>\n\t\t<p class=\"max900 mobilecenter\">Fill out the form below and send your question by email to our team. We will review your needs and one of our secretaries will contact you shortly to discuss your needs.\n\t\t<\/p>\n\t<\/div>\n\t<div>\n\t\t<div class=\"nom-form\">\n\t\t\t<p><span class=\"wpcf7-form-control-wrap\" data-name=\"text-Nom\"><input size=\"40\" maxlength=\"400\" class=\"wpcf7-form-control wpcf7-text wpcf7-validates-as-required nom\" aria-required=\"true\" aria-invalid=\"false\" placeholder=\"First Name\" value=\"\" type=\"text\" name=\"text-Nom\" \/><\/span>\n\t\t\t<\/p>\n\t\t<\/div>\n\t\t<div class=\"prenom-form\">\n\t\t\t<p><span class=\"wpcf7-form-control-wrap\" data-name=\"text-prenom\"><input size=\"40\" maxlength=\"400\" class=\"wpcf7-form-control wpcf7-text wpcf7-validates-as-required prenom\" aria-required=\"true\" aria-invalid=\"false\" placeholder=\"Last Name\" value=\"\" type=\"text\" name=\"text-prenom\" \/><\/span>\n\t\t\t<\/p>\n\t\t<\/div>\n\t<\/div>\n\t<div>\n\t\t<div class=\"mail-form\">\n\t\t\t<p><span class=\"wpcf7-form-control-wrap\" data-name=\"email-836\"><input size=\"40\" maxlength=\"400\" class=\"wpcf7-form-control wpcf7-email wpcf7-validates-as-required wpcf7-text wpcf7-validates-as-email\" aria-required=\"true\" aria-invalid=\"false\" placeholder=\"Email\" value=\"\" type=\"email\" name=\"email-836\" \/><\/span>\n\t\t\t<\/p>\n\t\t<\/div>\n\t\t<div class=\"tel-form\">\n\t\t\t<p><span class=\"wpcf7-form-control-wrap\" data-name=\"tel-515\"><input size=\"40\" maxlength=\"400\" class=\"wpcf7-form-control wpcf7-tel wpcf7-validates-as-required wpcf7-text wpcf7-validates-as-tel\" aria-required=\"true\" aria-invalid=\"false\" placeholder=\"Phone\" value=\"\" type=\"tel\" name=\"tel-515\" \/><\/span>\n\t\t\t<\/p>\n\t\t<\/div>\n\t<\/div>\n\t<div>\n\t\t<p><span class=\"wpcf7-form-control-wrap\" data-name=\"textarea-332\"><textarea cols=\"40\" rows=\"1\" maxlength=\"2000\" class=\"wpcf7-form-control wpcf7-textarea\" aria-invalid=\"false\" placeholder=\"Message\" name=\"textarea-332\"><\/textarea><\/span>\n\t\t<\/p>\n\t<\/div>\n\t<div>\n\t\t<p><span class=\"wpcf7-form-control-wrap\" data-name=\"acceptance-650\"><span class=\"wpcf7-form-control wpcf7-acceptance\"><span class=\"wpcf7-list-item\"><label><input type=\"checkbox\" name=\"acceptance-650\" value=\"1\" aria-invalid=\"false\" \/><span class=\"wpcf7-list-item-label\">By checking this box, I consent to Humani contacting me by email to share health tips and information about promotions.<\/span><\/label><\/span><\/span><\/span>\n\t\t<\/p>\n\t<\/div>\n\t<div>\n\t\t<p><span class=\"wpcf7-form-control-wrap\" data-name=\"acceptance-903\"><span class=\"wpcf7-form-control wpcf7-acceptance\"><span class=\"wpcf7-list-item\"><label><input type=\"checkbox\" name=\"acceptance-903\" value=\"1\" aria-invalid=\"false\" \/><span class=\"wpcf7-list-item-label\">I have read and accept <a href=\"#\" target=\"_blank\">the privacy policy.<\/a><\/span><\/label><\/span><\/span><\/span>\n\t\t<\/p>\n\t<\/div>\n\t<p><input class=\"wpcf7-form-control wpcf7-submit has-spinner\" type=\"submit\" value=\"Send\" \/>\n\t<\/p>\n<\/div><input type=\"hidden\" id=\"ct_checkjs_cf7_3871bd64012152bfb53fdf04b401193f\" name=\"ct_checkjs_cf7\" value=\"0\" \/><script >setTimeout(function(){var ct_input_name = \"ct_checkjs_cf7_3871bd64012152bfb53fdf04b401193f\";if (document.getElementById(ct_input_name) !== null) {var ct_input_value = document.getElementById(ct_input_name).value;document.getElementById(ct_input_name).value = document.getElementById(ct_input_name).value.replace(ct_input_value, 'ac435694a7d3558b4a8e8ccf1802b22e90c9840d8e8ddd6e6a004ba7652a7f70');}}, 1000);<\/script><input\n                    class=\"apbct_special_field apbct_email_id__wp_contact_form_7\"\n                    name=\"apbct__email_id__wp_contact_form_7\"\n                    aria-label=\"apbct__label_id__wp_contact_form_7\"\n                    type=\"text\" size=\"30\" maxlength=\"200\" autocomplete=\"off\"\n                    value=\"\"\n                \/><input type='hidden' class='wpcf7-pum' value='{\"closepopup\":false,\"closedelay\":0,\"openpopup\":false,\"openpopup_id\":0}' \/><div class=\"wpcf7-response-output\" aria-hidden=\"true\"><\/div>\n<\/form>\n<\/div>\n<\/div><\/div><\/div><\/div><\/div><\/div><\/div><\/div>\n","protected":false},"excerpt":{"rendered":"<p>Blogbook an appointment<\/p>\n","protected":false},"author":1,"featured_media":0,"parent":0,"menu_order":0,"comment_status":"closed","ping_status":"closed","template":"","meta":{"footnotes":""},"class_list":["post-3899","page","type-page","status-publish","hentry"],"yoast_head":"<!-- This site is optimized with the Yoast SEO plugin v27.3 - https:\/\/yoast.com\/product\/yoast-seo-wordpress\/ -->\n<title>Humani Blog \u2013 Health and Wellness Tips in Rosem\u00e8re<\/title>\n<meta name=\"description\" content=\"Humani Blog: health and wellness tips from our private clinic in Rosem\u00e8re. Get inspired and take care of yourself!\" \/>\n<meta name=\"robots\" content=\"index, follow, max-snippet:-1, max-image-preview:large, max-video-preview:-1\" \/>\n<link rel=\"canonical\" href=\"https:\/\/humani.ca\/en\/blogue\/\" \/>\n<meta property=\"og:locale\" content=\"en_US\" \/>\n<meta property=\"og:type\" content=\"article\" \/>\n<meta property=\"og:title\" content=\"Humani Blog \u2013 Health and Wellness Tips in Rosem\u00e8re\" \/>\n<meta property=\"og:description\" content=\"Humani Blog: health and wellness tips from our private clinic in Rosem\u00e8re. Get inspired and take care of yourself!\" \/>\n<meta property=\"og:url\" content=\"https:\/\/humani.ca\/en\/blogue\/\" \/>\n<meta property=\"og:site_name\" content=\"Clinique Humani\" \/>\n<meta property=\"article:publisher\" content=\"https:\/\/www.facebook.com\/share\/17UyVCgCJm\/\" \/>\n<meta property=\"article:modified_time\" content=\"2025-10-16T21:37:26+00:00\" \/>\n<meta name=\"twitter:card\" content=\"summary_large_image\" \/>\n<script type=\"application\/ld+json\" class=\"yoast-schema-graph\">{\"@context\":\"https:\\\/\\\/schema.org\",\"@graph\":[{\"@type\":\"WebPage\",\"@id\":\"https:\\\/\\\/humani.ca\\\/en\\\/blogue\\\/\",\"url\":\"https:\\\/\\\/humani.ca\\\/en\\\/blogue\\\/\",\"name\":\"Humani Blog \u2013 Health and Wellness Tips in Rosem\u00e8re\",\"isPartOf\":{\"@id\":\"https:\\\/\\\/humani.ca\\\/en\\\/#website\"},\"datePublished\":\"2024-02-06T12:54:17+00:00\",\"dateModified\":\"2025-10-16T21:37:26+00:00\",\"description\":\"Humani Blog: health and wellness tips from our private clinic in Rosem\u00e8re. Get inspired and take care of yourself!\",\"breadcrumb\":{\"@id\":\"https:\\\/\\\/humani.ca\\\/en\\\/blogue\\\/#breadcrumb\"},\"inLanguage\":\"en-CA\",\"potentialAction\":[{\"@type\":\"ReadAction\",\"target\":[\"https:\\\/\\\/humani.ca\\\/en\\\/blogue\\\/\"]}]},{\"@type\":\"BreadcrumbList\",\"@id\":\"https:\\\/\\\/humani.ca\\\/en\\\/blogue\\\/#breadcrumb\",\"itemListElement\":[{\"@type\":\"ListItem\",\"position\":1,\"name\":\"Humani\",\"item\":\"https:\\\/\\\/humani.ca\\\/en\\\/\"},{\"@type\":\"ListItem\",\"position\":2,\"name\":\"Blog\"}]},{\"@type\":\"WebSite\",\"@id\":\"https:\\\/\\\/humani.ca\\\/en\\\/#website\",\"url\":\"https:\\\/\\\/humani.ca\\\/en\\\/\",\"name\":\"Clinique Humani\",\"description\":\"Clinique m\u00e9dicale priv\u00e9e \u00e0 Rosem\u00e8re-Laval \u2013 Sant\u00e9, bien-\u00eatre et soins personnalis\u00e9s\",\"publisher\":{\"@id\":\"https:\\\/\\\/humani.ca\\\/en\\\/#organization\"},\"potentialAction\":[{\"@type\":\"SearchAction\",\"target\":{\"@type\":\"EntryPoint\",\"urlTemplate\":\"https:\\\/\\\/humani.ca\\\/en\\\/?s={search_term_string}\"},\"query-input\":{\"@type\":\"PropertyValueSpecification\",\"valueRequired\":true,\"valueName\":\"search_term_string\"}}],\"inLanguage\":\"en-CA\"},{\"@type\":\"Organization\",\"@id\":\"https:\\\/\\\/humani.ca\\\/en\\\/#organization\",\"name\":\"Clinique Humani\",\"url\":\"https:\\\/\\\/humani.ca\\\/en\\\/\",\"logo\":{\"@type\":\"ImageObject\",\"inLanguage\":\"en-CA\",\"@id\":\"https:\\\/\\\/humani.ca\\\/en\\\/#\\\/schema\\\/logo\\\/image\\\/\",\"url\":\"https:\\\/\\\/humani.ca\\\/wp-content\\\/uploads\\\/2025\\\/08\\\/cropped-cropped-cropped-logo_for_google_ads.png\",\"contentUrl\":\"https:\\\/\\\/humani.ca\\\/wp-content\\\/uploads\\\/2025\\\/08\\\/cropped-cropped-cropped-logo_for_google_ads.png\",\"width\":512,\"height\":512,\"caption\":\"Clinique Humani\"},\"image\":{\"@id\":\"https:\\\/\\\/humani.ca\\\/en\\\/#\\\/schema\\\/logo\\\/image\\\/\"},\"sameAs\":[\"https:\\\/\\\/www.facebook.com\\\/share\\\/17UyVCgCJm\\\/\",\"https:\\\/\\\/www.instagram.com\\\/cliniquehumani?igsh=ejJxMTJqY3oybnQz\"]}]}<\/script>\n<!-- \/ Yoast SEO plugin. -->","yoast_head_json":{"title":"Humani Blog \u2013 Health and Wellness Tips in Rosem\u00e8re","description":"Humani Blog: health and wellness tips from our private clinic in Rosem\u00e8re. Get inspired and take care of yourself!","robots":{"index":"index","follow":"follow","max-snippet":"max-snippet:-1","max-image-preview":"max-image-preview:large","max-video-preview":"max-video-preview:-1"},"canonical":"https:\/\/humani.ca\/en\/blogue\/","og_locale":"en_US","og_type":"article","og_title":"Humani Blog \u2013 Health and Wellness Tips in Rosem\u00e8re","og_description":"Humani Blog: health and wellness tips from our private clinic in Rosem\u00e8re. Get inspired and take care of yourself!","og_url":"https:\/\/humani.ca\/en\/blogue\/","og_site_name":"Clinique Humani","article_publisher":"https:\/\/www.facebook.com\/share\/17UyVCgCJm\/","article_modified_time":"2025-10-16T21:37:26+00:00","twitter_card":"summary_large_image","schema":{"@context":"https:\/\/schema.org","@graph":[{"@type":"WebPage","@id":"https:\/\/humani.ca\/en\/blogue\/","url":"https:\/\/humani.ca\/en\/blogue\/","name":"Humani Blog \u2013 Health and Wellness Tips in Rosem\u00e8re","isPartOf":{"@id":"https:\/\/humani.ca\/en\/#website"},"datePublished":"2024-02-06T12:54:17+00:00","dateModified":"2025-10-16T21:37:26+00:00","description":"Humani Blog: health and wellness tips from our private clinic in Rosem\u00e8re. Get inspired and take care of yourself!","breadcrumb":{"@id":"https:\/\/humani.ca\/en\/blogue\/#breadcrumb"},"inLanguage":"en-CA","potentialAction":[{"@type":"ReadAction","target":["https:\/\/humani.ca\/en\/blogue\/"]}]},{"@type":"BreadcrumbList","@id":"https:\/\/humani.ca\/en\/blogue\/#breadcrumb","itemListElement":[{"@type":"ListItem","position":1,"name":"Humani","item":"https:\/\/humani.ca\/en\/"},{"@type":"ListItem","position":2,"name":"Blog"}]},{"@type":"WebSite","@id":"https:\/\/humani.ca\/en\/#website","url":"https:\/\/humani.ca\/en\/","name":"Clinique Humani","description":"Clinique m\u00e9dicale priv\u00e9e \u00e0 Rosem\u00e8re-Laval \u2013 Sant\u00e9, bien-\u00eatre et soins personnalis\u00e9s","publisher":{"@id":"https:\/\/humani.ca\/en\/#organization"},"potentialAction":[{"@type":"SearchAction","target":{"@type":"EntryPoint","urlTemplate":"https:\/\/humani.ca\/en\/?s={search_term_string}"},"query-input":{"@type":"PropertyValueSpecification","valueRequired":true,"valueName":"search_term_string"}}],"inLanguage":"en-CA"},{"@type":"Organization","@id":"https:\/\/humani.ca\/en\/#organization","name":"Clinique Humani","url":"https:\/\/humani.ca\/en\/","logo":{"@type":"ImageObject","inLanguage":"en-CA","@id":"https:\/\/humani.ca\/en\/#\/schema\/logo\/image\/","url":"https:\/\/humani.ca\/wp-content\/uploads\/2025\/08\/cropped-cropped-cropped-logo_for_google_ads.png","contentUrl":"https:\/\/humani.ca\/wp-content\/uploads\/2025\/08\/cropped-cropped-cropped-logo_for_google_ads.png","width":512,"height":512,"caption":"Clinique Humani"},"image":{"@id":"https:\/\/humani.ca\/en\/#\/schema\/logo\/image\/"},"sameAs":["https:\/\/www.facebook.com\/share\/17UyVCgCJm\/","https:\/\/www.instagram.com\/cliniquehumani?igsh=ejJxMTJqY3oybnQz"]}]}},"_links":{"self":[{"href":"https:\/\/humani.ca\/en\/wp-json\/wp\/v2\/pages\/3899","targetHints":{"allow":["GET"]}}],"collection":[{"href":"https:\/\/humani.ca\/en\/wp-json\/wp\/v2\/pages"}],"about":[{"href":"https:\/\/humani.ca\/en\/wp-json\/wp\/v2\/types\/page"}],"author":[{"embeddable":true,"href":"https:\/\/humani.ca\/en\/wp-json\/wp\/v2\/users\/1"}],"replies":[{"embeddable":true,"href":"https:\/\/humani.ca\/en\/wp-json\/wp\/v2\/comments?post=3899"}],"version-history":[{"count":5,"href":"https:\/\/humani.ca\/en\/wp-json\/wp\/v2\/pages\/3899\/revisions"}],"predecessor-version":[{"id":3907,"href":"https:\/\/humani.ca\/en\/wp-json\/wp\/v2\/pages\/3899\/revisions\/3907"}],"wp:attachment":[{"href":"https:\/\/humani.ca\/en\/wp-json\/wp\/v2\/media?parent=3899"}],"curies":[{"name":"wp","href":"https:\/\/api.w.org\/{rel}","templated":true}]}}